{"id":2,"date":"2010-01-27T13:14:14","date_gmt":"2010-01-27T11:14:14","guid":{"rendered":"http:\/\/jaananviestintapalvelu.net\/wordpress\/?page_id=2"},"modified":"2010-02-28T12:17:54","modified_gmt":"2010-02-28T10:17:54","slug":"about","status":"publish","type":"page","link":"https:\/\/www.onnistumisia.fi\/?page_id=2","title":{"rendered":"Kuka Jaana"},"content":{"rendered":"<p>Parikymment\u00e4 pointtia minusta:<\/p>\n<p>1. Olen ollut yritteli\u00e4s aina. Ala-asteaikana tienasin kes\u00e4lomarahoja myym\u00e4ll\u00e4 kieloja kyl\u00e4n t\u00e4deille ja paikallisiin kukkakauppoihin. Tyhji\u00e4 pulloja ker\u00e4\u00e4n t\u00e4n\u00e4kin p\u00e4iv\u00e4n\u00e4 tien varrelta.<br \/>\n2. Vapaa-ajallani osaan olla tekem\u00e4tt\u00e4 mit\u00e4\u00e4n. En muutenkaan ole mik\u00e4\u00e4n suorittaja.<br \/>\n3. Toimittajan ty\u00f6n lis\u00e4ksi olen ollut uinninvalvojana, laskuttajana kuljetusyrityksess\u00e4, matkailuneuvojana ja toimistoassistenttina. Pienen p\u00e4tk\u00e4n ehdin olla my\u00f6s omaishoitajana.<br \/>\n4. Tykk\u00e4\u00e4n matkustaa ja ker\u00e4t\u00e4 kokemuksia sisimp\u00e4\u00e4ni. Viihdyn niin nuotion \u00e4\u00e4rell\u00e4 kuin kristallikruunujen loisteessa.<br \/>\n5. Reissun p\u00e4\u00e4ll\u00e4 ev\u00e4\u00e4t ovat aina t\u00e4rke\u00e4 osa matkantekoa.<br \/>\n6. Pid\u00e4n ihmisten tarkkailusta. Etenkin alennusmyynneiss\u00e4 ja jouluruuhkissa.<br \/>\n7. Minulla on vilkas mielikuvitus. V\u00e4lill\u00e4 ylivilkas sellainen.<br \/>\n8. Olen nautiskelijaluonne. Pid\u00e4n kauniista asioista, hyv\u00e4st\u00e4 ruoasta ja viineist\u00e4.<br \/>\n9. Voin istua tuntitolkulla kuunnellen meren kohinaa.<br \/>\n10. Olen varma, ett\u00e4 olen ollut entisess\u00e4 el\u00e4m\u00e4ss\u00e4ni delfiini. Tai saimaannorppa.<br \/>\n11. Tykk\u00e4\u00e4n koirista \u2013 ja koirat minusta.<br \/>\n12. Rakastan tanssimista. Harrastan rivitanssia ja milloin mit\u00e4kin hetkutusta.<br \/>\n13. Hiiht\u00e4misest\u00e4 en erityisemmin perusta. Sukset ovat minusta mainiot moottorikelkan alla.<br \/>\n14. Osaan nauraa itselleni, eik\u00e4 naurunaiheita ole puuttunut. Johtuu varmaan siirtokarjalaisista juuristani.<br \/>\n15. Poden helposti matkapahoinvointia. Siihen riitt\u00e4\u00e4 jopa karusellin katselu.<br \/>\n16. Hammasl\u00e4\u00e4k\u00e4rin penkki on mielest\u00e4ni vihon viimeinen paikka.<br \/>\n17. Olen syntyper\u00e4inen mikkelil\u00e4inen ja ylpe\u00e4 kotikaupungistani, ja koko Etel\u00e4-Savosta maakuntana.<br \/>\n18. Lumenluonti ja ruohonleikkuu ovat minusta palkitsevaa ty\u00f6t\u00e4. Ikkunoiden pesu ja silitys taas pakkopullaa.<br \/>\n19. Olen aika n\u00e4pp\u00e4r\u00e4 keitti\u00f6ss\u00e4, mutta en tykk\u00e4\u00e4 ty\u00f6nt\u00e4\u00e4 k\u00e4si\u00e4ni mihink\u00e4\u00e4n taikinaan.<br \/>\n20. Tykk\u00e4\u00e4n j\u00e4rjest\u00e4\u00e4 juhlia. Muutenkin olen innokas organisoimaan. Kysy vaikka miehelt\u00e4ni.<\/p>\n","protected":false},"excerpt":{"rendered":"<p>Parikymment\u00e4 pointtia minusta:<\/p>\n<p>1. Olen ollut yritteli\u00e4s aina. Ala-asteaikana tienasin kes\u00e4lomarahoja myym\u00e4ll\u00e4 kieloja kyl\u00e4n t\u00e4deille ja paikallisiin kukkakauppoihin. Tyhji\u00e4 pulloja ker\u00e4\u00e4n t\u00e4n\u00e4kin p\u00e4iv\u00e4n\u00e4 tien varrelta. 2. Vapaa-ajallani osaan olla tekem\u00e4tt\u00e4 mit\u00e4\u00e4n. En muutenkaan ole mik\u00e4\u00e4n suorittaja. 3. Toimittajan ty\u00f6n lis\u00e4ksi olen ollut uinninvalvojana, laskuttajana kuljetusyrityksess\u00e4, matkailuneuvojana ja toimistoassistenttina. Pienen p\u00e4tk\u00e4n ehdin olla my\u00f6s omaishoitajana. 4. <a href=\"https:\/\/www.onnistumisia.fi\/?page_id=2\">[Lue lis\u00e4\u00e4&#8230;]<\/a><\/p>\n","protected":false},"author":2,"featured_media":0,"parent":0,"menu_order":0,"comment_status":"open","ping_status":"open","template":"","meta":{"footnotes":""},"class_list":["post-2","page","type-page","status-publish","hentry","odd"],"_links":{"self":[{"href":"https:\/\/www.onnistumisia.fi\/index.php?rest_route=\/wp\/v2\/pages\/2","targetHints":{"allow":["GET"]}}],"collection":[{"href":"https:\/\/www.onnistumisia.fi\/index.php?rest_route=\/wp\/v2\/pages"}],"about":[{"href":"https:\/\/www.onnistumisia.fi\/index.php?rest_route=\/wp\/v2\/types\/page"}],"author":[{"embeddable":true,"href":"https:\/\/www.onnistumisia.fi\/index.php?rest_route=\/wp\/v2\/users\/2"}],"replies":[{"embeddable":true,"href":"https:\/\/www.onnistumisia.fi\/index.php?rest_route=%2Fwp%2Fv2%2Fcomments&post=2"}],"version-history":[{"count":4,"href":"https:\/\/www.onnistumisia.fi\/index.php?rest_route=\/wp\/v2\/pages\/2\/revisions"}],"predecessor-version":[{"id":35,"href":"https:\/\/www.onnistumisia.fi\/index.php?rest_route=\/wp\/v2\/pages\/2\/revisions\/35"}],"wp:attachment":[{"href":"https:\/\/www.onnistumisia.fi\/index.php?rest_route=%2Fwp%2Fv2%2Fmedia&parent=2"}],"curies":[{"name":"wp","href":"https:\/\/api.w.org\/{rel}","templated":true}]}}